{"id":556,"date":"2018-02-26T09:53:09","date_gmt":"2018-02-26T09:53:09","guid":{"rendered":"http:\/\/www.editorial-hispanoarabe.com\/?page_id=556"},"modified":"2018-03-05T09:01:21","modified_gmt":"2018-03-05T09:01:21","slug":"coleccion-autores-cubanos-contemporaneos","status":"publish","type":"page","link":"https:\/\/www.editorial-hispanoarabe.com\/ar\/coleccion-autores-cubanos-contemporaneos\/","title":{"rendered":"(Espa\u00f1ol) COLECCI\u00d3N AUTORES CUBANOS CONTEMPOR\u00c1NEOS"},"content":{"rendered":"<p class=\"qtranxs-available-languages-message qtranxs-available-languages-message-ar\">\u0639\u0641\u0648\u0627\u060c \u0647\u0630\u0647 \u0627\u0644\u0645\u062f\u062e\u0644\u0629 \u0645\u0648\u062c\u0648\u062f\u0629 \u0641\u0642\u0637 \u0641\u064a <a href=\"https:\/\/www.editorial-hispanoarabe.com\/es\/wp-json\/wp\/v2\/pages\/556\" class=\"qtranxs-available-language-link qtranxs-available-language-link-es\" title=\"Espa\u00f1ol\">\u0627\u0644\u0625\u0633\u0628\u0627\u0646\u064a\u0629 \u0627\u0644\u0623\u0648\u0631\u0648\u0628\u064a\u0629<\/a>.<\/p>","protected":false},"excerpt":{"rendered":"<p>\u0639\u0641\u0648\u0627\u060c \u0647\u0630\u0647 \u0627\u0644\u0645\u062f\u062e\u0644\u0629 \u0645\u0648\u062c\u0648\u062f\u0629 \u0641\u0642\u0637 \u0641\u064a \u0627\u0644\u0625\u0633\u0628\u0627\u0646\u064a\u0629 \u0627\u0644\u0623\u0648\u0631\u0648\u0628\u064a\u0629.<\/p>\n","protected":false},"author":3,"featured_media":0,"parent":0,"menu_order":0,"comment_status":"closed","ping_status":"closed","template":"","meta":{"footnotes":""},"_links":{"self":[{"href":"https:\/\/www.editorial-hispanoarabe.com\/ar\/wp-json\/wp\/v2\/pages\/556"}],"collection":[{"href":"https:\/\/www.editorial-hispanoarabe.com\/ar\/wp-json\/wp\/v2\/pages"}],"about":[{"href":"https:\/\/www.editorial-hispanoarabe.com\/ar\/wp-json\/wp\/v2\/types\/page"}],"author":[{"embeddable":true,"href":"https:\/\/www.editorial-hispanoarabe.com\/ar\/wp-json\/wp\/v2\/users\/3"}],"replies":[{"embeddable":true,"href":"https:\/\/www.editorial-hispanoarabe.com\/ar\/wp-json\/wp\/v2\/comments?post=556"}],"version-history":[{"count":4,"href":"https:\/\/www.editorial-hispanoarabe.com\/ar\/wp-json\/wp\/v2\/pages\/556\/revisions"}],"predecessor-version":[{"id":563,"href":"https:\/\/www.editorial-hispanoarabe.com\/ar\/wp-json\/wp\/v2\/pages\/556\/revisions\/563"}],"wp:attachment":[{"href":"https:\/\/www.editorial-hispanoarabe.com\/ar\/wp-json\/wp\/v2\/media?parent=556"}],"curies":[{"name":"wp","href":"https:\/\/api.w.org\/{rel}","templated":true}]}}